{"id":1017,"date":"2022-11-04T16:50:08","date_gmt":"2022-11-04T16:50:08","guid":{"rendered":"https:\/\/pinturasplastimex.com\/?page_id=1017"},"modified":"2026-01-09T23:46:32","modified_gmt":"2026-01-09T23:46:32","slug":"pintura-para-guarnicion","status":"publish","type":"page","link":"https:\/\/pinturasplastimex.com\/index.php\/pintura-para-guarnicion\/","title":{"rendered":"BASE COLOR ACRILICA"},"content":{"rendered":"\n[et_pb_section fb_built=&#8221;1&#8243; next_background_color=&#8221;#ffffff&#8221; _builder_version=&#8221;4.25.2&#8243; _module_preset=&#8221;default&#8221; background_color=&#8221;#0a0000&#8243; custom_padding=&#8221;11px||39px|||&#8221; bottom_divider_style=&#8221;arrow2&#8243; bottom_divider_height=&#8221;47px&#8221; global_colors_info=&#8221;{}&#8221;][et_pb_row _builder_version=&#8221;4.18.0&#8243; _module_preset=&#8221;default&#8221; custom_padding=&#8221;16px||16px|||&#8221; global_colors_info=&#8221;{}&#8221;][et_pb_column type=&#8221;4_4&#8243; _builder_version=&#8221;4.18.0&#8243; _module_preset=&#8221;default&#8221; global_colors_info=&#8221;{}&#8221;][et_pb_text _builder_version=&#8221;4.25.2&#8243; _module_preset=&#8221;default&#8221; header_font=&#8221;Poppins||||||||&#8221; header_text_color=&#8221;#ead700&#8243; header_font_size=&#8221;43px&#8221; header_3_text_color=&#8221;#FFFFFF&#8221; header_3_font_size=&#8221;18px&#8221; global_colors_info=&#8221;{}&#8221;]<h3>L\u00ednea de<\/h3>\n<h1>-Esmaltes-<\/h1>[\/et_pb_text][\/et_pb_column][\/et_pb_row][\/et_pb_section][et_pb_section fb_built=&#8221;1&#8243; _builder_version=&#8221;4.18.0&#8243; _module_preset=&#8221;default&#8221; custom_padding=&#8221;20px|||||&#8221; global_colors_info=&#8221;{}&#8221;][et_pb_row column_structure=&#8221;2_5,3_5&#8243; _builder_version=&#8221;4.18.0&#8243; _module_preset=&#8221;default&#8221; global_colors_info=&#8221;{}&#8221;][et_pb_column type=&#8221;2_5&#8243; _builder_version=&#8221;4.18.0&#8243; _module_preset=&#8221;default&#8221; global_colors_info=&#8221;{}&#8221;][et_pb_text _builder_version=&#8221;4.27.0&#8243; _module_preset=&#8221;default&#8221; text_font=&#8221;Montserrat|500|||||||&#8221; text_font_size=&#8221;19px&#8221; custom_margin=&#8221;||10px|||&#8221; hover_enabled=&#8221;0&#8243; global_colors_info=&#8221;{}&#8221; sticky_enabled=&#8221;0&#8243;]<p style=\"text-align: center;\">DC BASE COLOR ACR\u00cdLICA<\/p>[\/et_pb_text][et_pb_image src=&#8221;https:\/\/pinturasplastimex.com\/wp-content\/uploads\/2025\/10\/BASE-COLORACRILICAF.png&#8221; title_text=&#8221;BASE COLORACRILICAF&#8221; _builder_version=&#8221;4.27.0&#8243; _module_preset=&#8221;default&#8221; hover_enabled=&#8221;0&#8243; global_colors_info=&#8221;{}&#8221; sticky_enabled=&#8221;0&#8243;][\/et_pb_image][\/et_pb_column][et_pb_column type=&#8221;3_5&#8243; _builder_version=&#8221;4.18.0&#8243; _module_preset=&#8221;default&#8221; global_colors_info=&#8221;{}&#8221;][et_pb_text _builder_version=&#8221;4.27.0&#8243; _module_preset=&#8221;default&#8221; text_font=&#8221;Montserrat|500|||||||&#8221; text_font_size=&#8221;17px&#8221; custom_margin=&#8221;73px|||||&#8221; hover_enabled=&#8221;0&#8243; global_colors_info=&#8221;{}&#8221; sticky_enabled=&#8221;0&#8243;]<p><strong>LA BASE COLOR ACR\u00cdLICA<\/strong> es un recubrimiento acr\u00edlico de<br \/>secado r\u00e1pido y econ\u00f3mico para el acabado automotriz.<br \/>Para obtener durabilidad y brillo, se debe aplicar el Transparente<br \/>de Alta Diluci\u00f3n.<\/p>\n<p>Este producto puede ser usado para el repintado de<br \/>veh\u00edculos de modelos recientes en donde se requiera una<br \/>igualaci\u00f3n exacta que se asemeje a los acabados originales<br \/>que salen de las plantas armadoras.<\/p>[\/et_pb_text][\/et_pb_column][\/et_pb_row][et_pb_row column_structure=&#8221;1_3,1_3,1_3&#8243; _builder_version=&#8221;4.18.0&#8243; _module_preset=&#8221;default&#8221; custom_padding=&#8221;||52px|||&#8221; global_colors_info=&#8221;{}&#8221;][et_pb_column type=&#8221;1_3&#8243; _builder_version=&#8221;4.18.0&#8243; _module_preset=&#8221;default&#8221; global_colors_info=&#8221;{}&#8221;][et_pb_image src=&#8221;https:\/\/pinturasplastimex.com\/wp-content\/uploads\/2022\/12\/419200l.png&#8221; title_text=&#8221;4,19,200l&#8221; _builder_version=&#8221;4.19.2&#8243; _module_preset=&#8221;default&#8221; global_colors_info=&#8221;{}&#8221;][\/et_pb_image][et_pb_text _builder_version=&#8221;4.18.0&#8243; _module_preset=&#8221;default&#8221; custom_margin=&#8221;-15px|||||&#8221; global_colors_info=&#8221;{}&#8221;]<h3 style=\"text-align: left;\">Presentaciones<\/h3>[\/et_pb_text][et_pb_text _builder_version=&#8221;4.19.2&#8243; _module_preset=&#8221;default&#8221; text_font=&#8221;Montserrat||||||||&#8221; text_text_color=&#8221;#0c71c3&#8243; text_font_size=&#8221;17px&#8221; global_colors_info=&#8221;{}&#8221;]<p><strong>4, 19 y 200 LTS<\/strong><\/p>[\/et_pb_text][\/et_pb_column][et_pb_column type=&#8221;1_3&#8243; _builder_version=&#8221;4.18.0&#8243; _module_preset=&#8221;default&#8221; global_colors_info=&#8221;{}&#8221;][et_pb_image src=&#8221;https:\/\/pinturasplastimex.com\/wp-content\/uploads\/2026\/01\/BASECOLORACRILICA-CARTAc-4-pdf-232&#215;300.jpg&#8221; title_text=&#8221;BASECOLORACRILICA CARTAc&#8221; url=&#8221;https:\/\/drive.google.com\/file\/d\/1vggPEjnVBi3rTSOQSzlyJustDaeGEWdn\/view?usp=sharing&#8221; url_new_window=&#8221;on&#8221; _builder_version=&#8221;4.27.0&#8243; _module_preset=&#8221;default&#8221; hover_enabled=&#8221;0&#8243; global_colors_info=&#8221;{}&#8221; sticky_enabled=&#8221;0&#8243;][\/et_pb_image][et_pb_text _builder_version=&#8221;4.18.0&#8243; _module_preset=&#8221;default&#8221; custom_margin=&#8221;-15px|||||&#8221; global_colors_info=&#8221;{}&#8221;]<h3 style=\"text-align: left;\">Ficha T\u00e9cnica.<\/h3>[\/et_pb_text][et_pb_button button_url=&#8221;https:\/\/drive.google.com\/file\/d\/1vggPEjnVBi3rTSOQSzlyJustDaeGEWdn\/view?usp=sharing&#8221; url_new_window=&#8221;on&#8221; button_text=&#8221;M\u00e1s&#8221; button_alignment=&#8221;left&#8221; _builder_version=&#8221;4.20.4&#8243; _module_preset=&#8221;default&#8221; custom_button=&#8221;on&#8221; button_text_size=&#8221;18px&#8221; button_text_color=&#8221;#590700&#8243; global_colors_info=&#8221;{}&#8221;][\/et_pb_button][\/et_pb_column][et_pb_column type=&#8221;1_3&#8243; _builder_version=&#8221;4.18.0&#8243; _module_preset=&#8221;default&#8221; global_colors_info=&#8221;{}&#8221;][\/et_pb_column][\/et_pb_row][\/et_pb_section][et_pb_section fb_built=&#8221;1&#8243; admin_label=&#8221;Call to Action&#8221; _builder_version=&#8221;4.18.0&#8243; _module_preset=&#8221;default&#8221; background_enable_color=&#8221;off&#8221; use_background_color_gradient=&#8221;on&#8221; background_color_gradient_type=&#8221;elliptical&#8221; background_color_gradient_stops=&#8221;rgba(158,11,15,0.93) 0%|rgba(112,0,0,0.99) 100%&#8221; background_color_gradient_overlays_image=&#8221;on&#8221; background_image=&#8221;https:\/\/pinturasplastimex.com\/wp-content\/uploads\/2022\/10\/water-g2b18c3777_1920.jpg&#8221; background_position=&#8221;top_center&#8221; custom_padding=&#8221;18px||26px|||&#8221; global_module=&#8221;963&#8243; collapsed=&#8221;on&#8221; global_colors_info=&#8221;{}&#8221;][et_pb_row column_structure=&#8221;1_4,1_4,1_4,1_4&#8243; use_custom_gutter=&#8221;on&#8221; gutter_width=&#8221;2&#8243; make_equal=&#8221;on&#8221; _builder_version=&#8221;4.19.3&#8243; _module_preset=&#8221;default&#8221; custom_padding=&#8221;8px||8px|||&#8221; global_colors_info=&#8221;{}&#8221;][et_pb_column type=&#8221;1_4&#8243; _builder_version=&#8221;4.17.4&#8243; _module_preset=&#8221;default&#8221; global_colors_info=&#8221;{}&#8221;][et_pb_image src=&#8221;https:\/\/pinturasplastimex.com\/wp-content\/uploads\/2023\/07\/logobvlancofinaaal-01-min-e1689702263568.png&#8221; title_text=&#8221;logobvlancofinaaal-01-min&#8221; align=&#8221;center&#8221; _builder_version=&#8221;4.21.0&#8243; _module_preset=&#8221;default&#8221; width=&#8221;92%&#8221; max_width=&#8221;82%&#8221; custom_margin=&#8221;||4px|||&#8221; global_colors_info=&#8221;{}&#8221;][\/et_pb_image][et_pb_text _builder_version=&#8221;4.18.0&#8243; _module_preset=&#8221;default&#8221; text_font=&#8221;Raleway||||||||&#8221; text_text_color=&#8221;#FFFFFF&#8221; custom_margin=&#8221;9px|||||&#8221; global_colors_info=&#8221;{}&#8221;]<p style=\"text-align: center;\">Pinturas plastimex <span>\u00a9 2022<\/span><\/p>[\/et_pb_text][\/et_pb_column][et_pb_column type=&#8221;1_4&#8243; _builder_version=&#8221;4.17.4&#8243; _module_preset=&#8221;default&#8221; global_colors_info=&#8221;{}&#8221;][et_pb_text _builder_version=&#8221;4.18.0&#8243; _module_preset=&#8221;4827deed-2a92-4d97-a22f-f01067ae6873&#8243; text_text_color=&#8221;#FFFFFF&#8221; header_font=&#8221;||||||||&#8221; header_4_font=&#8221;Inter|700|||||||&#8221; header_4_text_color=&#8221;#FFFFFF&#8221; header_4_font_size=&#8221;19px&#8221; header_4_line_height=&#8221;1.6em&#8221; custom_margin=&#8221;46px||0px||false|false&#8221; header_4_font_size_tablet=&#8221;16px&#8221; header_4_font_size_phone=&#8221;14px&#8221; header_4_font_size_last_edited=&#8221;on|tablet&#8221; global_colors_info=&#8221;{}&#8221;]<h4>Ubicaci\u00f3n<\/h4>\n<p><span>Calle el Mirador S\/N Santa Mar\u00eda Palapa, 55856, San Mart\u00edn de las Pir\u00e1mides, Estado de M\u00e9xico<\/span><\/p>[\/et_pb_text][et_pb_social_media_follow _builder_version=&#8221;4.20.4&#8243; text_orientation=&#8221;left&#8221; custom_margin=&#8221;||5px|||&#8221; custom_padding=&#8221;8px|||||&#8221; animation_direction=&#8221;left&#8221; border_radii=&#8221;on|50px|50px|50px|50px&#8221; border_color_all=&#8221;rgba(191,252,251,0)&#8221; locked=&#8221;off&#8221; global_colors_info=&#8221;{}&#8221;][et_pb_social_media_follow_network social_network=&#8221;facebook&#8221; url=&#8221;https:\/\/www.facebook.com\/people\/Pinturas-Plastimex-Oficial\/100084999645894\/&#8221; icon_color=&#8221;#FFFFFF&#8221; use_icon_font_size=&#8221;on&#8221; _builder_version=&#8221;4.20.2&#8243; background_color=&#8221;rgba(255,255,255,0.3)&#8221; custom_margin=&#8221;|4px||4px||true&#8221; custom_padding=&#8221;8px|8px|8px|8px|true|true&#8221; global_colors_info=&#8221;{}&#8221; background_color__hover=&#8221;#f1f1f1&#8243; background__hover_enabled=&#8221;on|hover&#8221; background_enable_color__hover=&#8221;on&#8221; icon_color__hover_enabled=&#8221;on|hover&#8221; icon_color__hover=&#8221;#0C71C3&#8243; follow_button=&#8221;off&#8221; url_new_window=&#8221;on&#8221;]facebook[\/et_pb_social_media_follow_network][et_pb_social_media_follow_network social_network=&#8221;youtube&#8221; url=&#8221;https:\/\/www.youtube.com\/channel\/UCwq-iyxPRgPbdoObGh_lRfw&#8221; icon_color=&#8221;#bc0019&#8243; _builder_version=&#8221;4.20.2&#8243; background_color=&#8221;rgba(255,255,255,0.46)&#8221; background_enable_color=&#8221;on&#8221; custom_margin=&#8221;|4px||4px||true&#8221; custom_padding=&#8221;8px|8px|8px|8px|true|true&#8221; border_color_all=&#8221;RGBA(255,255,255,0)&#8221; global_colors_info=&#8221;{}&#8221; background_color__hover=&#8221;#f1f1f1&#8243; background__hover_enabled=&#8221;on|hover&#8221; background_enable_color__hover=&#8221;on&#8221; icon_color__hover_enabled=&#8221;on|hover&#8221; icon_color__hover=&#8221;#008ba0&#8243; follow_button=&#8221;off&#8221; url_new_window=&#8221;on&#8221;]youtube[\/et_pb_social_media_follow_network][et_pb_social_media_follow_network social_network=&#8221;instagram&#8221; url=&#8221;https:\/\/www.instagram.com\/pinturasplastimex\/&#8221; icon_color=&#8221;#bf001f&#8221; use_icon_font_size=&#8221;on&#8221; icon_font_size=&#8221;22px&#8221; _builder_version=&#8221;4.20.2&#8243; _module_preset=&#8221;default&#8221; background_color=&#8221;rgba(255,255,255,0.51)&#8221; background_enable_color=&#8221;on&#8221; global_colors_info=&#8221;{}&#8221; follow_button=&#8221;off&#8221; url_new_window=&#8221;on&#8221;]instagram[\/et_pb_social_media_follow_network][\/et_pb_social_media_follow][\/et_pb_column][et_pb_column type=&#8221;1_4&#8243; _builder_version=&#8221;4.17.4&#8243; _module_preset=&#8221;default&#8221; global_colors_info=&#8221;{}&#8221;][et_pb_text _builder_version=&#8221;4.27.0&#8243; _module_preset=&#8221;4827deed-2a92-4d97-a22f-f01067ae6873&#8243; text_text_color=&#8221;#FFFFFF&#8221; header_font=&#8221;||||||||&#8221; header_4_font=&#8221;Inter|700|||||||&#8221; header_4_text_color=&#8221;#FFFFFF&#8221; header_4_font_size=&#8221;19px&#8221; header_4_line_height=&#8221;1.6em&#8221; custom_margin=&#8221;46px||0px||false|false&#8221; header_4_font_size_tablet=&#8221;16px&#8221; header_4_font_size_phone=&#8221;14px&#8221; header_4_font_size_last_edited=&#8221;on|tablet&#8221; locked=&#8221;off&#8221; global_colors_info=&#8221;{}&#8221;]<h4>Tel\u00e9fono<\/h4>\n<p><span class=\"JsGRdQ\">55 8409 9276<\/span><\/p>[\/et_pb_text][\/et_pb_column][et_pb_column type=&#8221;1_4&#8243; _builder_version=&#8221;4.17.4&#8243; _module_preset=&#8221;default&#8221; global_colors_info=&#8221;{}&#8221;][et_pb_text _builder_version=&#8221;4.21.0&#8243; _module_preset=&#8221;4827deed-2a92-4d97-a22f-f01067ae6873&#8243; text_text_color=&#8221;#FFFFFF&#8221; header_font=&#8221;||||||||&#8221; header_4_font=&#8221;Inter|700|||||||&#8221; header_4_text_color=&#8221;#FFFFFF&#8221; header_4_font_size=&#8221;19px&#8221; header_4_line_height=&#8221;1.6em&#8221; custom_margin=&#8221;49px||0px||false|false&#8221; header_4_font_size_tablet=&#8221;16px&#8221; header_4_font_size_phone=&#8221;14px&#8221; header_4_font_size_last_edited=&#8221;on|tablet&#8221; locked=&#8221;off&#8221; global_colors_info=&#8221;{}&#8221;]<h4>Correo Electr\u00f3nico<\/h4>\n<p><a href=\"mailto:ventas@pinturasplastimex.com\">ventas1@pinturasplastimex.com<\/a><\/p>\n<p><a href=\"mailto:creditosycobranza@pinturasplastimex.com\">creditosycobranza@pinturasplastimex.com<\/a><\/p>[\/et_pb_text][\/et_pb_column][\/et_pb_row][\/et_pb_section]\n","protected":false},"excerpt":{"rendered":"<p>L\u00ednea de -Esmaltes-DC BASE COLOR ACR\u00cdLICALA BASE COLOR ACR\u00cdLICA es un recubrimiento acr\u00edlico desecado r\u00e1pido y econ\u00f3mico para el acabado automotriz.Para obtener durabilidad y brillo, se debe aplicar el Transparentede Alta Diluci\u00f3n. Este producto puede ser usado para el repintado deveh\u00edculos de modelos recientes en donde se requiera unaigualaci\u00f3n exacta que se asemeje a los [&hellip;]<\/p>\n","protected":false},"author":1,"featured_media":0,"parent":0,"menu_order":0,"comment_status":"closed","ping_status":"closed","template":"","meta":{"_et_pb_use_builder":"on","_et_pb_old_content":"<!-- wp:divi\/placeholder \/-->","_et_gb_content_width":"","_monsterinsights_skip_tracking":false,"_monsterinsights_sitenote_active":false,"_monsterinsights_sitenote_note":"","_monsterinsights_sitenote_category":0,"footnotes":""},"class_list":["post-1017","page","type-page","status-publish","hentry"],"aioseo_notices":[],"_links":{"self":[{"href":"https:\/\/pinturasplastimex.com\/index.php\/wp-json\/wp\/v2\/pages\/1017"}],"collection":[{"href":"https:\/\/pinturasplastimex.com\/index.php\/wp-json\/wp\/v2\/pages"}],"about":[{"href":"https:\/\/pinturasplastimex.com\/index.php\/wp-json\/wp\/v2\/types\/page"}],"author":[{"embeddable":true,"href":"https:\/\/pinturasplastimex.com\/index.php\/wp-json\/wp\/v2\/users\/1"}],"replies":[{"embeddable":true,"href":"https:\/\/pinturasplastimex.com\/index.php\/wp-json\/wp\/v2\/comments?post=1017"}],"version-history":[{"count":18,"href":"https:\/\/pinturasplastimex.com\/index.php\/wp-json\/wp\/v2\/pages\/1017\/revisions"}],"predecessor-version":[{"id":3125,"href":"https:\/\/pinturasplastimex.com\/index.php\/wp-json\/wp\/v2\/pages\/1017\/revisions\/3125"}],"wp:attachment":[{"href":"https:\/\/pinturasplastimex.com\/index.php\/wp-json\/wp\/v2\/media?parent=1017"}],"curies":[{"name":"wp","href":"https:\/\/api.w.org\/{rel}","templated":true}]}}